{"id":4796,"date":"2020-01-21T10:33:54","date_gmt":"2020-01-21T10:33:54","guid":{"rendered":"https:\/\/hydropneumotion.nl\/?page_id=4796"},"modified":"2021-01-09T16:19:25","modified_gmt":"2021-01-09T16:19:25","slug":"industriele-hydrauliek","status":"publish","type":"page","link":"https:\/\/hydropneumotion.nl\/en\/industriele-hydrauliek\/","title":{"rendered":"industriele Hydrauliek"},"content":{"rendered":"<h2>Industrial Hydraulics<\/h2>\n<\/p>\n<p><\/p>\n<h2>M<i>otion i<\/i>s our drive<\/h2>\n<h2>Industrial Hydraulics<br \/><\/h2>\n<h2>Industrial Hydraulics<\/h2>\n<p>HydroPneuMotion offers a total package of hydraulic expertise. In addition to selling hydraulic parts, we also offer hydraulic service on location. HydroPneuMotion is the right choice for maintenance, projects and repair for your hydraulics. We work in a wide variety of industrial sectors and are not afraid of a challenge. Below is a small selection of the different sectors where HydroPneuMotion is active.<\/p>\n<p>\t\t\t\t\t\t\t\t\t\t<img decoding=\"async\" width=\"1024\" height=\"764\" src=\"https:\/\/hydropneumotion.nl\/wp-content\/uploads\/2019\/10\/hydropneumotion-field-service-werkbus-1024x764.jpg\" alt=\"hydropneumotion field service werkbus\" loading=\"lazy\" srcset=\"https:\/\/hydropneumotion.nl\/wp-content\/uploads\/2019\/10\/hydropneumotion-field-service-werkbus-1024x764.jpg 1024w, https:\/\/hydropneumotion.nl\/wp-content\/uploads\/2019\/10\/hydropneumotion-field-service-werkbus-300x224.jpg 300w, https:\/\/hydropneumotion.nl\/wp-content\/uploads\/2019\/10\/hydropneumotion-field-service-werkbus-600x448.jpg 600w, https:\/\/hydropneumotion.nl\/wp-content\/uploads\/2019\/10\/hydropneumotion-field-service-werkbus-768x573.jpg 768w\" sizes=\"auto, (max-width: 1024px) 100vw, 1024px\" \/>\t\t\t\t\t\t\t\t\t\t\t<\/p>\n<h2>Steel industry<\/h2>\n<p>\t\t\t\t\t\t\t\t\t\t<img decoding=\"async\" width=\"500\" height=\"300\" src=\"https:\/\/hydropneumotion.nl\/wp-content\/uploads\/2020\/03\/HydroPneuMotion-Staal-industrie.jpg\" alt=\"HydroPneuMotion Staal industrie\" loading=\"lazy\" srcset=\"https:\/\/hydropneumotion.nl\/wp-content\/uploads\/2020\/03\/HydroPneuMotion-Staal-industrie.jpg 500w, https:\/\/hydropneumotion.nl\/wp-content\/uploads\/2020\/03\/HydroPneuMotion-Staal-industrie-300x180.jpg 300w\" sizes=\"auto, (max-width: 500px) 100vw, 500px\" \/>\t\t\t\t\t\t\t\t\t\t\t<\/p>\n<h2>Paper industry<\/h2>\n<p>\t\t\t\t\t\t\t\t\t\t<img decoding=\"async\" width=\"500\" height=\"300\" src=\"https:\/\/hydropneumotion.nl\/wp-content\/uploads\/2020\/03\/HydroPneuMotion-papier-industrie.jpg\" alt=\"\" loading=\"lazy\" srcset=\"https:\/\/hydropneumotion.nl\/wp-content\/uploads\/2020\/03\/HydroPneuMotion-papier-industrie.jpg 500w, https:\/\/hydropneumotion.nl\/wp-content\/uploads\/2020\/03\/HydroPneuMotion-papier-industrie-300x180.jpg 300w\" sizes=\"auto, (max-width: 500px) 100vw, 500px\" \/>\t\t\t\t\t\t\t\t\t\t\t<\/p>\n<h2>Automotive industry<\/h2>\n<p>\t\t\t\t\t\t\t\t\t\t<img decoding=\"async\" width=\"500\" height=\"300\" src=\"https:\/\/hydropneumotion.nl\/wp-content\/uploads\/2020\/03\/HydroPneuMotion-automobiel-industrie-1.jpg\" alt=\"\" loading=\"lazy\" srcset=\"https:\/\/hydropneumotion.nl\/wp-content\/uploads\/2020\/03\/HydroPneuMotion-automobiel-industrie-1.jpg 500w, https:\/\/hydropneumotion.nl\/wp-content\/uploads\/2020\/03\/HydroPneuMotion-automobiel-industrie-1-300x180.jpg 300w\" sizes=\"auto, (max-width: 500px) 100vw, 500px\" \/>\t\t\t\t\t\t\t\t\t\t\t<\/p>\n<h2>Brickworks<\/h2>\n<p>\t\t\t\t\t\t\t\t\t\t<img decoding=\"async\" width=\"500\" height=\"300\" src=\"https:\/\/hydropneumotion.nl\/wp-content\/uploads\/2020\/03\/HydroPneuMotion-Steen-industrie.jpeg\" alt=\"HydroPneuMotion Steen industrie\" loading=\"lazy\" srcset=\"https:\/\/hydropneumotion.nl\/wp-content\/uploads\/2020\/03\/HydroPneuMotion-Steen-industrie.jpeg 500w, https:\/\/hydropneumotion.nl\/wp-content\/uploads\/2020\/03\/HydroPneuMotion-Steen-industrie-300x180.jpeg 300w\" sizes=\"auto, (max-width: 500px) 100vw, 500px\" \/>\t\t\t\t\t\t\t\t\t\t\t<\/p>\n<h2>Petrochemical industry<\/h2>\n<p>\t\t\t\t\t\t\t\t\t\t<img decoding=\"async\" width=\"500\" height=\"300\" src=\"https:\/\/hydropneumotion.nl\/wp-content\/uploads\/2020\/03\/HydroPneuMotion-petrochemische-industrie.jpg\" alt=\"HydroPneuMotion petrochemische industrie\" loading=\"lazy\" srcset=\"https:\/\/hydropneumotion.nl\/wp-content\/uploads\/2020\/03\/HydroPneuMotion-petrochemische-industrie.jpg 500w, https:\/\/hydropneumotion.nl\/wp-content\/uploads\/2020\/03\/HydroPneuMotion-petrochemische-industrie-300x180.jpg 300w\" sizes=\"auto, (max-width: 500px) 100vw, 500px\" \/>\t\t\t\t\t\t\t\t\t\t\t<\/p>\n<h2>Recycling industry<\/h2>\n<p>\t\t\t\t\t\t\t\t\t\t<img decoding=\"async\" width=\"500\" height=\"300\" src=\"https:\/\/hydropneumotion.nl\/wp-content\/uploads\/2020\/03\/HydroPneuMotion-recyclage-industrie.jpg\" alt=\"HydroPneuMotion recyclage industrie\" loading=\"lazy\" srcset=\"https:\/\/hydropneumotion.nl\/wp-content\/uploads\/2020\/03\/HydroPneuMotion-recyclage-industrie.jpg 500w, https:\/\/hydropneumotion.nl\/wp-content\/uploads\/2020\/03\/HydroPneuMotion-recyclage-industrie-300x180.jpg 300w\" sizes=\"auto, (max-width: 500px) 100vw, 500px\" \/>\t\t\t\t\t\t\t\t\t\t\t<\/p>\n<h2>Plastic injection molding<\/h2>\n<p>\t\t\t\t\t\t\t\t\t\t<img decoding=\"async\" width=\"500\" height=\"300\" src=\"https:\/\/hydropneumotion.nl\/wp-content\/uploads\/2020\/03\/HydroPneuMotion-spuitgieten.jpg\" alt=\"HydroPneuMotion spuitgieten\" loading=\"lazy\" srcset=\"https:\/\/hydropneumotion.nl\/wp-content\/uploads\/2020\/03\/HydroPneuMotion-spuitgieten.jpg 500w, https:\/\/hydropneumotion.nl\/wp-content\/uploads\/2020\/03\/HydroPneuMotion-spuitgieten-300x180.jpg 300w\" sizes=\"auto, (max-width: 500px) 100vw, 500px\" \/>\t\t\t\t\t\t\t\t\t\t\t<\/p>\n<h2>Aluminum industry<\/h2>\n<p>\t\t\t\t\t\t\t\t\t\t<img decoding=\"async\" width=\"500\" height=\"300\" src=\"https:\/\/hydropneumotion.nl\/wp-content\/uploads\/2020\/03\/HydroPneuMotion-aluminium-industrie.jpg\" alt=\"HydroPneuMotion aluminium industrie\" loading=\"lazy\" srcset=\"https:\/\/hydropneumotion.nl\/wp-content\/uploads\/2020\/03\/HydroPneuMotion-aluminium-industrie.jpg 500w, https:\/\/hydropneumotion.nl\/wp-content\/uploads\/2020\/03\/HydroPneuMotion-aluminium-industrie-300x180.jpg 300w\" sizes=\"auto, (max-width: 500px) 100vw, 500px\" \/><br \/>\n\t\t\t\t\t\t\t\t\t\t<img decoding=\"async\" width=\"300\" height=\"166\" src=\"https:\/\/hydropneumotion.nl\/wp-content\/uploads\/2019\/09\/test-300x166.jpg\" alt=\"\" loading=\"lazy\" srcset=\"https:\/\/hydropneumotion.nl\/wp-content\/uploads\/2019\/09\/test-300x166.jpg 300w, https:\/\/hydropneumotion.nl\/wp-content\/uploads\/2019\/09\/test-600x331.jpg 600w, https:\/\/hydropneumotion.nl\/wp-content\/uploads\/2019\/09\/test-768x424.jpg 768w, https:\/\/hydropneumotion.nl\/wp-content\/uploads\/2019\/09\/test.jpg 905w\" sizes=\"auto, (max-width: 300px) 100vw, 300px\" \/>\t\t\t\t\t\t\t\t\t\t\t<\/p>\n<h2>M<i>otion i<\/i>s our drive<\/h2>\n<p>\t\t\t\t\t<a href=\"https:\/\/www.facebook.com\/Hydropneumotion\" target=\"_blank\" rel=\"noopener\"><br \/>\n\t\t\t\t\t\tFacebook-f<br \/>\n\t\t\t\t\t\t\t\t\t\t\t<\/a><br \/>\n\t\t\t\t\t<a href=\"https:\/\/www.linkedin.com\/company\/hydropneumotion-bv\/\" target=\"_blank\" rel=\"noopener\"><br \/>\n\t\t\t\t\t\tLinkedin-in<br \/>\n\t\t\t\t\t\t\t\t\t\t\t<\/a><br \/>\n\t\t\t\t\t<a href=\"https:\/\/twitter.com\/hydropneumotion\" target=\"_blank\" rel=\"noopener\"><br \/>\n\t\t\t\t\t\tTwitter<br \/>\n\t\t\t\t\t\t\t\t\t\t\t<\/a><br \/>\n\t\t\t\t\t\t\t\t\t\t<img decoding=\"async\" width=\"300\" height=\"96\" src=\"https:\/\/hydropneumotion.nl\/wp-content\/uploads\/2019\/09\/motion-is-our-drive-300x96.png\" alt=\"hydropneumotion motion is our drive\" loading=\"lazy\" srcset=\"https:\/\/hydropneumotion.nl\/wp-content\/uploads\/2019\/09\/motion-is-our-drive-300x96.png 300w, https:\/\/hydropneumotion.nl\/wp-content\/uploads\/2019\/09\/motion-is-our-drive-600x191.png 600w, https:\/\/hydropneumotion.nl\/wp-content\/uploads\/2019\/09\/motion-is-our-drive-768x245.png 768w, https:\/\/hydropneumotion.nl\/wp-content\/uploads\/2019\/09\/motion-is-our-drive-1024x326.png 1024w, https:\/\/hydropneumotion.nl\/wp-content\/uploads\/2019\/09\/motion-is-our-drive.png 1603w\" sizes=\"auto, (max-width: 300px) 100vw, 300px\" \/><br \/>\n\t\t\t\t\t<a href=\"https:\/\/www.facebook.com\/Hydropneumotion\" target=\"_blank\" rel=\"noopener\"><br \/>\n\t\t\t\t\t\tFacebook-f<br \/>\n\t\t\t\t\t\t\t\t\t\t\t<\/a><br \/>\n\t\t\t\t\t<a href=\"https:\/\/www.linkedin.com\/company\/hydropneumotion-bv\/\" target=\"_blank\" rel=\"noopener\"><br \/>\n\t\t\t\t\t\tLinkedin-in<br \/>\n\t\t\t\t\t\t\t\t\t\t\t<\/a><br \/>\n\t\t\t\t\t<a href=\"https:\/\/twitter.com\/hydropneumotion\" target=\"_blank\" rel=\"noopener\"><br \/>\n\t\t\t\t\t\tTwitter<br \/>\n\t\t\t\t\t\t\t\t\t\t\t<\/a><\/p>","protected":false},"excerpt":{"rendered":"<p>Industri\u00eble Hydrauliek Motion is our drive Industri\u00eble Hydrauliek Industri\u00eble hydrauliek! HydroPneuMotion bied een totaal pakket aan hydraulische expertise. Naast het verkopen van alle hydraulische onderdelen bieden wij ook hydrauliek service aan op locatie. Voor zowel het onderhoud, projecten en storingen aan uw hydrauliek zit u bij HydroPneuMotion goed. Wij zijn werkzaam in groot uiteenlopende sectoren [&hellip;]<\/p>\n","protected":false},"author":1,"featured_media":0,"parent":0,"menu_order":0,"comment_status":"closed","ping_status":"closed","template":"","meta":{"site-sidebar-layout":"no-sidebar","site-content-layout":"page-builder","ast-site-content-layout":"default","site-content-style":"default","site-sidebar-style":"default","ast-global-header-display":"","ast-banner-title-visibility":"","ast-main-header-display":"","ast-hfb-above-header-display":"","ast-hfb-below-header-display":"","ast-hfb-mobile-header-display":"","site-post-title":"disabled","ast-breadcrumbs-content":"","ast-featured-img":"disabled","footer-sml-layout":"","ast-disable-related-posts":"","theme-transparent-header-meta":"default","adv-header-id-meta":"","stick-header-meta":"","header-above-stick-meta":"","header-main-stick-meta":"","header-below-stick-meta":"","astra-migrate-meta-layouts":"default","ast-page-background-enabled":"default","ast-page-background-meta":{"desktop":{"background-color":"","background-image":"","background-repeat":"repeat","background-position":"center center","background-size":"auto","background-attachment":"scroll","background-type":"","background-media":"","overlay-type":"","overlay-color":"","overlay-opacity":"","overlay-gradient":""},"tablet":{"background-color":"","background-image":"","background-repeat":"repeat","background-position":"center center","background-size":"auto","background-attachment":"scroll","background-type":"","background-media":"","overlay-type":"","overlay-color":"","overlay-opacity":"","overlay-gradient":""},"mobile":{"background-color":"","background-image":"","background-repeat":"repeat","background-position":"center center","background-size":"auto","background-attachment":"scroll","background-type":"","background-media":"","overlay-type":"","overlay-color":"","overlay-opacity":"","overlay-gradient":""}},"ast-content-background-meta":{"desktop":{"background-color":"var(--ast-global-color-5)","background-image":"","background-repeat":"repeat","background-position":"center center","background-size":"auto","background-attachment":"scroll","background-type":"","background-media":"","overlay-type":"","overlay-color":"","overlay-opacity":"","overlay-gradient":""},"tablet":{"background-color":"var(--ast-global-color-5)","background-image":"","background-repeat":"repeat","background-position":"center center","background-size":"auto","background-attachment":"scroll","background-type":"","background-media":"","overlay-type":"","overlay-color":"","overlay-opacity":"","overlay-gradient":""},"mobile":{"background-color":"var(--ast-global-color-5)","background-image":"","background-repeat":"repeat","background-position":"center center","background-size":"auto","background-attachment":"scroll","background-type":"","background-media":"","overlay-type":"","overlay-color":"","overlay-opacity":"","overlay-gradient":""}},"footnotes":""},"class_list":["post-4796","page","type-page","status-publish","hentry"],"yoast_head":"<!-- This site is optimized with the Yoast SEO plugin v27.5 - https:\/\/yoast.com\/product\/yoast-seo-wordpress\/ -->\n<title>Industriele hydrauliek - HydroPneuMotion staat klaar<\/title>\n<meta name=\"description\" content=\"We verzorgen dagelijks hydraulische service in breed uiteen lopende branches van de industrie.\" \/>\n<meta name=\"robots\" content=\"index, follow, max-snippet:-1, max-image-preview:large, max-video-preview:-1\" \/>\n<link rel=\"canonical\" href=\"https:\/\/hydropneumotion.nl\/en\/industriele-hydrauliek\/\" \/>\n<meta property=\"og:locale\" content=\"en_GB\" \/>\n<meta property=\"og:type\" content=\"article\" \/>\n<meta property=\"og:title\" content=\"Industriele hydrauliek - HydroPneuMotion staat klaar\" \/>\n<meta property=\"og:description\" content=\"We verzorgen dagelijks hydraulische service in breed uiteen lopende branches van de industrie.\" \/>\n<meta property=\"og:url\" content=\"https:\/\/hydropneumotion.nl\/en\/industriele-hydrauliek\/\" \/>\n<meta property=\"og:site_name\" content=\"HydroPneuMotion | hydrauliek | pneumatiek\" \/>\n<meta property=\"article:modified_time\" content=\"2021-01-09T16:19:25+00:00\" \/>\n<meta property=\"og:image\" content=\"https:\/\/hydropneumotion.nl\/wp-content\/uploads\/2019\/10\/hydropneumotion-field-service-werkbus-1024x764.jpg\" \/>\n<meta name=\"twitter:card\" content=\"summary_large_image\" \/>\n<meta name=\"twitter:label1\" content=\"Estimated reading time\" \/>\n\t<meta name=\"twitter:data1\" content=\"1 minute\" \/>\n<script type=\"application\/ld+json\" class=\"yoast-schema-graph\">{\"@context\":\"https:\\\/\\\/schema.org\",\"@graph\":[{\"@type\":\"WebPage\",\"@id\":\"https:\\\/\\\/hydropneumotion.nl\\\/industriele-hydrauliek\\\/\",\"url\":\"https:\\\/\\\/hydropneumotion.nl\\\/industriele-hydrauliek\\\/\",\"name\":\"Industriele hydrauliek - HydroPneuMotion staat klaar\",\"isPartOf\":{\"@id\":\"https:\\\/\\\/hydropneumotion.nl\\\/#website\"},\"primaryImageOfPage\":{\"@id\":\"https:\\\/\\\/hydropneumotion.nl\\\/industriele-hydrauliek\\\/#primaryimage\"},\"image\":{\"@id\":\"https:\\\/\\\/hydropneumotion.nl\\\/industriele-hydrauliek\\\/#primaryimage\"},\"thumbnailUrl\":\"https:\\\/\\\/hydropneumotion.nl\\\/wp-content\\\/uploads\\\/2019\\\/10\\\/hydropneumotion-field-service-werkbus-1024x764.jpg\",\"datePublished\":\"2020-01-21T10:33:54+00:00\",\"dateModified\":\"2021-01-09T16:19:25+00:00\",\"description\":\"We verzorgen dagelijks hydraulische service in breed uiteen lopende branches van de industrie.\",\"breadcrumb\":{\"@id\":\"https:\\\/\\\/hydropneumotion.nl\\\/industriele-hydrauliek\\\/#breadcrumb\"},\"inLanguage\":\"en-GB\",\"potentialAction\":[{\"@type\":\"ReadAction\",\"target\":[\"https:\\\/\\\/hydropneumotion.nl\\\/industriele-hydrauliek\\\/\"]}]},{\"@type\":\"ImageObject\",\"inLanguage\":\"en-GB\",\"@id\":\"https:\\\/\\\/hydropneumotion.nl\\\/industriele-hydrauliek\\\/#primaryimage\",\"url\":\"https:\\\/\\\/hydropneumotion.nl\\\/wp-content\\\/uploads\\\/2019\\\/10\\\/hydropneumotion-field-service-werkbus-1024x764.jpg\",\"contentUrl\":\"https:\\\/\\\/hydropneumotion.nl\\\/wp-content\\\/uploads\\\/2019\\\/10\\\/hydropneumotion-field-service-werkbus-1024x764.jpg\"},{\"@type\":\"BreadcrumbList\",\"@id\":\"https:\\\/\\\/hydropneumotion.nl\\\/industriele-hydrauliek\\\/#breadcrumb\",\"itemListElement\":[{\"@type\":\"ListItem\",\"position\":1,\"name\":\"Home\",\"item\":\"https:\\\/\\\/hydropneumotion.nl\\\/\"},{\"@type\":\"ListItem\",\"position\":2,\"name\":\"industriele Hydrauliek\"}]},{\"@type\":\"WebSite\",\"@id\":\"https:\\\/\\\/hydropneumotion.nl\\\/#website\",\"url\":\"https:\\\/\\\/hydropneumotion.nl\\\/\",\"name\":\"HydroPneuMotion | hydrauliek | pneumatiek\",\"description\":\"Motion Is Our Drive\",\"publisher\":{\"@id\":\"https:\\\/\\\/hydropneumotion.nl\\\/#organization\"},\"potentialAction\":[{\"@type\":\"SearchAction\",\"target\":{\"@type\":\"EntryPoint\",\"urlTemplate\":\"https:\\\/\\\/hydropneumotion.nl\\\/?s={search_term_string}\"},\"query-input\":{\"@type\":\"PropertyValueSpecification\",\"valueRequired\":true,\"valueName\":\"search_term_string\"}}],\"inLanguage\":\"en-GB\"},{\"@type\":\"Organization\",\"@id\":\"https:\\\/\\\/hydropneumotion.nl\\\/#organization\",\"name\":\"HydroPneuMotion | hydrauliek | pneumatiek\",\"url\":\"https:\\\/\\\/hydropneumotion.nl\\\/\",\"logo\":{\"@type\":\"ImageObject\",\"inLanguage\":\"en-GB\",\"@id\":\"https:\\\/\\\/hydropneumotion.nl\\\/#\\\/schema\\\/logo\\\/image\\\/\",\"url\":\"https:\\\/\\\/hydropneumotion.nl\\\/wp-content\\\/uploads\\\/2019\\\/11\\\/cropped-Afbeelding4.png\",\"contentUrl\":\"https:\\\/\\\/hydropneumotion.nl\\\/wp-content\\\/uploads\\\/2019\\\/11\\\/cropped-Afbeelding4.png\",\"width\":1258,\"height\":223,\"caption\":\"HydroPneuMotion | hydrauliek | pneumatiek\"},\"image\":{\"@id\":\"https:\\\/\\\/hydropneumotion.nl\\\/#\\\/schema\\\/logo\\\/image\\\/\"}}]}<\/script>\n<!-- \/ Yoast SEO plugin. -->","yoast_head_json":{"title":"Industriele hydrauliek - HydroPneuMotion staat klaar","description":"We verzorgen dagelijks hydraulische service in breed uiteen lopende branches van de industrie.","robots":{"index":"index","follow":"follow","max-snippet":"max-snippet:-1","max-image-preview":"max-image-preview:large","max-video-preview":"max-video-preview:-1"},"canonical":"https:\/\/hydropneumotion.nl\/en\/industriele-hydrauliek\/","og_locale":"en_GB","og_type":"article","og_title":"Industriele hydrauliek - HydroPneuMotion staat klaar","og_description":"We verzorgen dagelijks hydraulische service in breed uiteen lopende branches van de industrie.","og_url":"https:\/\/hydropneumotion.nl\/en\/industriele-hydrauliek\/","og_site_name":"HydroPneuMotion | hydrauliek | pneumatiek","article_modified_time":"2021-01-09T16:19:25+00:00","og_image":[{"url":"https:\/\/hydropneumotion.nl\/wp-content\/uploads\/2019\/10\/hydropneumotion-field-service-werkbus-1024x764.jpg","type":"","width":"","height":""}],"twitter_card":"summary_large_image","twitter_misc":{"Estimated reading time":"1 minute"},"schema":{"@context":"https:\/\/schema.org","@graph":[{"@type":"WebPage","@id":"https:\/\/hydropneumotion.nl\/industriele-hydrauliek\/","url":"https:\/\/hydropneumotion.nl\/industriele-hydrauliek\/","name":"Industriele hydrauliek - HydroPneuMotion staat klaar","isPartOf":{"@id":"https:\/\/hydropneumotion.nl\/#website"},"primaryImageOfPage":{"@id":"https:\/\/hydropneumotion.nl\/industriele-hydrauliek\/#primaryimage"},"image":{"@id":"https:\/\/hydropneumotion.nl\/industriele-hydrauliek\/#primaryimage"},"thumbnailUrl":"https:\/\/hydropneumotion.nl\/wp-content\/uploads\/2019\/10\/hydropneumotion-field-service-werkbus-1024x764.jpg","datePublished":"2020-01-21T10:33:54+00:00","dateModified":"2021-01-09T16:19:25+00:00","description":"We verzorgen dagelijks hydraulische service in breed uiteen lopende branches van de industrie.","breadcrumb":{"@id":"https:\/\/hydropneumotion.nl\/industriele-hydrauliek\/#breadcrumb"},"inLanguage":"en-GB","potentialAction":[{"@type":"ReadAction","target":["https:\/\/hydropneumotion.nl\/industriele-hydrauliek\/"]}]},{"@type":"ImageObject","inLanguage":"en-GB","@id":"https:\/\/hydropneumotion.nl\/industriele-hydrauliek\/#primaryimage","url":"https:\/\/hydropneumotion.nl\/wp-content\/uploads\/2019\/10\/hydropneumotion-field-service-werkbus-1024x764.jpg","contentUrl":"https:\/\/hydropneumotion.nl\/wp-content\/uploads\/2019\/10\/hydropneumotion-field-service-werkbus-1024x764.jpg"},{"@type":"BreadcrumbList","@id":"https:\/\/hydropneumotion.nl\/industriele-hydrauliek\/#breadcrumb","itemListElement":[{"@type":"ListItem","position":1,"name":"Home","item":"https:\/\/hydropneumotion.nl\/"},{"@type":"ListItem","position":2,"name":"industriele Hydrauliek"}]},{"@type":"WebSite","@id":"https:\/\/hydropneumotion.nl\/#website","url":"https:\/\/hydropneumotion.nl\/","name":"HydroPneuMotion | hydrauliek | pneumatiek","description":"Motion Is Our Drive","publisher":{"@id":"https:\/\/hydropneumotion.nl\/#organization"},"potentialAction":[{"@type":"SearchAction","target":{"@type":"EntryPoint","urlTemplate":"https:\/\/hydropneumotion.nl\/?s={search_term_string}"},"query-input":{"@type":"PropertyValueSpecification","valueRequired":true,"valueName":"search_term_string"}}],"inLanguage":"en-GB"},{"@type":"Organization","@id":"https:\/\/hydropneumotion.nl\/#organization","name":"HydroPneuMotion | hydrauliek | pneumatiek","url":"https:\/\/hydropneumotion.nl\/","logo":{"@type":"ImageObject","inLanguage":"en-GB","@id":"https:\/\/hydropneumotion.nl\/#\/schema\/logo\/image\/","url":"https:\/\/hydropneumotion.nl\/wp-content\/uploads\/2019\/11\/cropped-Afbeelding4.png","contentUrl":"https:\/\/hydropneumotion.nl\/wp-content\/uploads\/2019\/11\/cropped-Afbeelding4.png","width":1258,"height":223,"caption":"HydroPneuMotion | hydrauliek | pneumatiek"},"image":{"@id":"https:\/\/hydropneumotion.nl\/#\/schema\/logo\/image\/"}}]}},"_links":{"self":[{"href":"https:\/\/hydropneumotion.nl\/en\/wp-json\/wp\/v2\/pages\/4796","targetHints":{"allow":["GET"]}}],"collection":[{"href":"https:\/\/hydropneumotion.nl\/en\/wp-json\/wp\/v2\/pages"}],"about":[{"href":"https:\/\/hydropneumotion.nl\/en\/wp-json\/wp\/v2\/types\/page"}],"author":[{"embeddable":true,"href":"https:\/\/hydropneumotion.nl\/en\/wp-json\/wp\/v2\/users\/1"}],"replies":[{"embeddable":true,"href":"https:\/\/hydropneumotion.nl\/en\/wp-json\/wp\/v2\/comments?post=4796"}],"version-history":[{"count":42,"href":"https:\/\/hydropneumotion.nl\/en\/wp-json\/wp\/v2\/pages\/4796\/revisions"}],"predecessor-version":[{"id":7533,"href":"https:\/\/hydropneumotion.nl\/en\/wp-json\/wp\/v2\/pages\/4796\/revisions\/7533"}],"wp:attachment":[{"href":"https:\/\/hydropneumotion.nl\/en\/wp-json\/wp\/v2\/media?parent=4796"}],"curies":[{"name":"wp","href":"https:\/\/api.w.org\/{rel}","templated":true}]}}